{"id":135,"date":"2022-01-09T19:14:52","date_gmt":"2022-01-09T19:14:52","guid":{"rendered":"https:\/\/www.adolffrei.ch\/?page_id=135"},"modified":"2022-02-02T21:12:52","modified_gmt":"2022-02-02T21:12:52","slug":"rehkitzrettung","status":"publish","type":"page","link":"https:\/\/www.adolffrei.ch\/?page_id=135","title":{"rendered":"Rehkitzrettung"},"content":{"rendered":"\n<p>Als ehrenamtlicher Drohnenpilot bei Rehkitzrettung Schweiz bin ich zusammen mit meiner Frau jeden Fr\u00fchling unterwegs. Wir helfen dabei den Landwirten und J\u00e4gern w\u00e4hren der M\u00e4hsaison m\u00f6gliche Rehkitze mithilfe einer Drohne und W\u00e4rmebildkamera aufzusp\u00fcren und vor dem M\u00e4htot zu retten. <br>Weitere Informationen hierzu finden sie unter: <a rel=\"noreferrer noopener\" href=\"http:\/\/www.rehkitzrettung.ch\" data-type=\"URL\" data-id=\"http:\/\/www.rehkitzrettung.ch\" target=\"_blank\">www.rehkitzrettung.ch<\/a><\/p>\n\n\n\n<hr class=\"wp-block-separator\"\/>\n\n\n\n<p>Anbei einige Impressionen von Rettungseins\u00e4tzen im 2020 und 2021:<\/p>\n\n\n\n<figure class=\"wp-block-gallery has-nested-images columns-default is-cropped wp-block-gallery-1 is-layout-flex wp-block-gallery-is-layout-flex\">\n<figure class=\"wp-block-image size-large\"><img loading=\"lazy\" decoding=\"async\" width=\"768\" height=\"1024\" data-id=\"152\" src=\"https:\/\/www.adolffrei.ch\/wp-content\/uploads\/2022\/01\/BLMV0632.jpg\" alt=\"\" class=\"wp-image-152\" srcset=\"https:\/\/www.adolffrei.ch\/wp-content\/uploads\/2022\/01\/BLMV0632.jpg 768w, https:\/\/www.adolffrei.ch\/wp-content\/uploads\/2022\/01\/BLMV0632-225x300.jpg 225w\" sizes=\"auto, (max-width: 768px) 100vw, 768px\" \/><\/figure>\n\n\n\n<figure class=\"wp-block-image size-large\"><img loading=\"lazy\" decoding=\"async\" width=\"1024\" height=\"768\" data-id=\"153\" src=\"https:\/\/www.adolffrei.ch\/wp-content\/uploads\/2022\/01\/CJUM1714.jpg\" alt=\"\" class=\"wp-image-153\" srcset=\"https:\/\/www.adolffrei.ch\/wp-content\/uploads\/2022\/01\/CJUM1714.jpg 1024w, https:\/\/www.adolffrei.ch\/wp-content\/uploads\/2022\/01\/CJUM1714-300x225.jpg 300w, https:\/\/www.adolffrei.ch\/wp-content\/uploads\/2022\/01\/CJUM1714-768x576.jpg 768w\" sizes=\"auto, (max-width: 1024px) 100vw, 1024px\" \/><\/figure>\n\n\n\n<figure class=\"wp-block-image size-large\"><img loading=\"lazy\" decoding=\"async\" width=\"1024\" height=\"768\" data-id=\"154\" src=\"https:\/\/www.adolffrei.ch\/wp-content\/uploads\/2022\/01\/DEIJ5857.jpg\" alt=\"\" class=\"wp-image-154\" srcset=\"https:\/\/www.adolffrei.ch\/wp-content\/uploads\/2022\/01\/DEIJ5857.jpg 1024w, https:\/\/www.adolffrei.ch\/wp-content\/uploads\/2022\/01\/DEIJ5857-300x225.jpg 300w, https:\/\/www.adolffrei.ch\/wp-content\/uploads\/2022\/01\/DEIJ5857-768x576.jpg 768w\" sizes=\"auto, (max-width: 1024px) 100vw, 1024px\" \/><\/figure>\n\n\n\n<figure class=\"wp-block-image size-large\"><img loading=\"lazy\" decoding=\"async\" width=\"1024\" height=\"576\" data-id=\"155\" src=\"https:\/\/www.adolffrei.ch\/wp-content\/uploads\/2022\/01\/DJI_0040-1024x576.jpg\" alt=\"\" class=\"wp-image-155\" srcset=\"https:\/\/www.adolffrei.ch\/wp-content\/uploads\/2022\/01\/DJI_0040-1024x576.jpg 1024w, https:\/\/www.adolffrei.ch\/wp-content\/uploads\/2022\/01\/DJI_0040-300x169.jpg 300w, https:\/\/www.adolffrei.ch\/wp-content\/uploads\/2022\/01\/DJI_0040-768x432.jpg 768w, https:\/\/www.adolffrei.ch\/wp-content\/uploads\/2022\/01\/DJI_0040-1536x864.jpg 1536w, https:\/\/www.adolffrei.ch\/wp-content\/uploads\/2022\/01\/DJI_0040-2048x1152.jpg 2048w\" sizes=\"auto, (max-width: 1024px) 100vw, 1024px\" \/><\/figure>\n\n\n\n<figure class=\"wp-block-image size-large\"><img loading=\"lazy\" decoding=\"async\" width=\"1024\" height=\"576\" data-id=\"156\" src=\"https:\/\/www.adolffrei.ch\/wp-content\/uploads\/2022\/01\/DJI_0068-1024x576.jpg\" alt=\"\" class=\"wp-image-156\" srcset=\"https:\/\/www.adolffrei.ch\/wp-content\/uploads\/2022\/01\/DJI_0068-1024x576.jpg 1024w, https:\/\/www.adolffrei.ch\/wp-content\/uploads\/2022\/01\/DJI_0068-300x169.jpg 300w, https:\/\/www.adolffrei.ch\/wp-content\/uploads\/2022\/01\/DJI_0068-768x432.jpg 768w, https:\/\/www.adolffrei.ch\/wp-content\/uploads\/2022\/01\/DJI_0068-1536x864.jpg 1536w, https:\/\/www.adolffrei.ch\/wp-content\/uploads\/2022\/01\/DJI_0068-2048x1152.jpg 2048w\" sizes=\"auto, (max-width: 1024px) 100vw, 1024px\" \/><\/figure>\n\n\n\n<figure class=\"wp-block-image size-large\"><img loading=\"lazy\" decoding=\"async\" width=\"1024\" height=\"576\" data-id=\"157\" src=\"https:\/\/www.adolffrei.ch\/wp-content\/uploads\/2022\/01\/DJI_0086-1024x576.jpg\" alt=\"\" class=\"wp-image-157\" srcset=\"https:\/\/www.adolffrei.ch\/wp-content\/uploads\/2022\/01\/DJI_0086-1024x576.jpg 1024w, https:\/\/www.adolffrei.ch\/wp-content\/uploads\/2022\/01\/DJI_0086-300x169.jpg 300w, https:\/\/www.adolffrei.ch\/wp-content\/uploads\/2022\/01\/DJI_0086-768x432.jpg 768w, https:\/\/www.adolffrei.ch\/wp-content\/uploads\/2022\/01\/DJI_0086-1536x864.jpg 1536w, https:\/\/www.adolffrei.ch\/wp-content\/uploads\/2022\/01\/DJI_0086-2048x1152.jpg 2048w\" sizes=\"auto, (max-width: 1024px) 100vw, 1024px\" \/><\/figure>\n\n\n\n<figure class=\"wp-block-image size-large\"><img loading=\"lazy\" decoding=\"async\" width=\"768\" height=\"1024\" data-id=\"161\" src=\"https:\/\/www.adolffrei.ch\/wp-content\/uploads\/2022\/01\/GEXJ5411.jpg\" alt=\"\" class=\"wp-image-161\" srcset=\"https:\/\/www.adolffrei.ch\/wp-content\/uploads\/2022\/01\/GEXJ5411.jpg 768w, https:\/\/www.adolffrei.ch\/wp-content\/uploads\/2022\/01\/GEXJ5411-225x300.jpg 225w\" sizes=\"auto, (max-width: 768px) 100vw, 768px\" \/><\/figure>\n\n\n\n<figure class=\"wp-block-image size-large\"><img loading=\"lazy\" decoding=\"async\" width=\"768\" height=\"1024\" data-id=\"159\" src=\"https:\/\/www.adolffrei.ch\/wp-content\/uploads\/2022\/01\/FKUM1466-768x1024.jpg\" alt=\"\" class=\"wp-image-159\" srcset=\"https:\/\/www.adolffrei.ch\/wp-content\/uploads\/2022\/01\/FKUM1466-768x1024.jpg 768w, https:\/\/www.adolffrei.ch\/wp-content\/uploads\/2022\/01\/FKUM1466-225x300.jpg 225w, https:\/\/www.adolffrei.ch\/wp-content\/uploads\/2022\/01\/FKUM1466-1152x1536.jpg 1152w, https:\/\/www.adolffrei.ch\/wp-content\/uploads\/2022\/01\/FKUM1466.jpg 1512w\" sizes=\"auto, (max-width: 768px) 100vw, 768px\" \/><\/figure>\n\n\n\n<figure class=\"wp-block-image size-large\"><img loading=\"lazy\" decoding=\"async\" width=\"768\" height=\"1024\" data-id=\"58\" src=\"https:\/\/www.adolffrei.ch\/wp-content\/uploads\/2021\/11\/FSCM8529-768x1024.jpg\" alt=\"\" class=\"wp-image-58\" srcset=\"https:\/\/www.adolffrei.ch\/wp-content\/uploads\/2021\/11\/FSCM8529-768x1024.jpg 768w, https:\/\/www.adolffrei.ch\/wp-content\/uploads\/2021\/11\/FSCM8529-225x300.jpg 225w, https:\/\/www.adolffrei.ch\/wp-content\/uploads\/2021\/11\/FSCM8529-1152x1536.jpg 1152w, https:\/\/www.adolffrei.ch\/wp-content\/uploads\/2021\/11\/FSCM8529-420x560.jpg 420w, https:\/\/www.adolffrei.ch\/wp-content\/uploads\/2021\/11\/FSCM8529-1170x1560.jpg 1170w, https:\/\/www.adolffrei.ch\/wp-content\/uploads\/2021\/11\/FSCM8529.jpg 1536w\" sizes=\"auto, (max-width: 768px) 100vw, 768px\" \/><\/figure>\n\n\n\n<figure class=\"wp-block-image size-large\"><img loading=\"lazy\" decoding=\"async\" width=\"1024\" height=\"768\" data-id=\"160\" src=\"https:\/\/www.adolffrei.ch\/wp-content\/uploads\/2022\/01\/GDHE4016-1024x768.jpg\" alt=\"\" class=\"wp-image-160\" srcset=\"https:\/\/www.adolffrei.ch\/wp-content\/uploads\/2022\/01\/GDHE4016-1024x768.jpg 1024w, https:\/\/www.adolffrei.ch\/wp-content\/uploads\/2022\/01\/GDHE4016-300x225.jpg 300w, https:\/\/www.adolffrei.ch\/wp-content\/uploads\/2022\/01\/GDHE4016-768x576.jpg 768w, https:\/\/www.adolffrei.ch\/wp-content\/uploads\/2022\/01\/GDHE4016-1536x1152.jpg 1536w, https:\/\/www.adolffrei.ch\/wp-content\/uploads\/2022\/01\/GDHE4016.jpg 2048w\" sizes=\"auto, (max-width: 1024px) 100vw, 1024px\" \/><\/figure>\n\n\n\n<figure class=\"wp-block-image size-large\"><img loading=\"lazy\" decoding=\"async\" width=\"1024\" height=\"768\" data-id=\"162\" src=\"https:\/\/www.adolffrei.ch\/wp-content\/uploads\/2022\/01\/JAMI8053.jpg\" alt=\"\" class=\"wp-image-162\" srcset=\"https:\/\/www.adolffrei.ch\/wp-content\/uploads\/2022\/01\/JAMI8053.jpg 1024w, https:\/\/www.adolffrei.ch\/wp-content\/uploads\/2022\/01\/JAMI8053-300x225.jpg 300w, https:\/\/www.adolffrei.ch\/wp-content\/uploads\/2022\/01\/JAMI8053-768x576.jpg 768w\" sizes=\"auto, (max-width: 1024px) 100vw, 1024px\" \/><\/figure>\n\n\n\n<figure class=\"wp-block-image size-large\"><img loading=\"lazy\" decoding=\"async\" width=\"1024\" height=\"768\" data-id=\"163\" src=\"https:\/\/www.adolffrei.ch\/wp-content\/uploads\/2022\/01\/SUVX8159.jpg\" alt=\"\" class=\"wp-image-163\" srcset=\"https:\/\/www.adolffrei.ch\/wp-content\/uploads\/2022\/01\/SUVX8159.jpg 1024w, https:\/\/www.adolffrei.ch\/wp-content\/uploads\/2022\/01\/SUVX8159-300x225.jpg 300w, https:\/\/www.adolffrei.ch\/wp-content\/uploads\/2022\/01\/SUVX8159-768x576.jpg 768w\" sizes=\"auto, (max-width: 1024px) 100vw, 1024px\" \/><\/figure>\n\n\n\n<figure class=\"wp-block-image size-large\"><img loading=\"lazy\" decoding=\"async\" width=\"1024\" height=\"768\" data-id=\"164\" src=\"https:\/\/www.adolffrei.ch\/wp-content\/uploads\/2022\/01\/SZGT1321-1024x768.jpg\" alt=\"\" class=\"wp-image-164\" srcset=\"https:\/\/www.adolffrei.ch\/wp-content\/uploads\/2022\/01\/SZGT1321-1024x768.jpg 1024w, https:\/\/www.adolffrei.ch\/wp-content\/uploads\/2022\/01\/SZGT1321-300x225.jpg 300w, https:\/\/www.adolffrei.ch\/wp-content\/uploads\/2022\/01\/SZGT1321-768x576.jpg 768w, https:\/\/www.adolffrei.ch\/wp-content\/uploads\/2022\/01\/SZGT1321-1536x1152.jpg 1536w, https:\/\/www.adolffrei.ch\/wp-content\/uploads\/2022\/01\/SZGT1321.jpg 2048w\" sizes=\"auto, (max-width: 1024px) 100vw, 1024px\" \/><\/figure>\n\n\n\n<figure class=\"wp-block-image size-large\"><img loading=\"lazy\" decoding=\"async\" width=\"1024\" height=\"576\" data-id=\"165\" src=\"https:\/\/www.adolffrei.ch\/wp-content\/uploads\/2022\/01\/XDSO8306-1024x576.jpg\" alt=\"\" class=\"wp-image-165\" srcset=\"https:\/\/www.adolffrei.ch\/wp-content\/uploads\/2022\/01\/XDSO8306-1024x576.jpg 1024w, https:\/\/www.adolffrei.ch\/wp-content\/uploads\/2022\/01\/XDSO8306-300x169.jpg 300w, https:\/\/www.adolffrei.ch\/wp-content\/uploads\/2022\/01\/XDSO8306-768x432.jpg 768w, https:\/\/www.adolffrei.ch\/wp-content\/uploads\/2022\/01\/XDSO8306-1536x865.jpg 1536w, https:\/\/www.adolffrei.ch\/wp-content\/uploads\/2022\/01\/XDSO8306-2048x1153.jpg 2048w\" sizes=\"auto, (max-width: 1024px) 100vw, 1024px\" \/><\/figure>\n\n\n\n<figure class=\"wp-block-image size-large\"><img loading=\"lazy\" decoding=\"async\" width=\"1024\" height=\"576\" data-id=\"166\" src=\"https:\/\/www.adolffrei.ch\/wp-content\/uploads\/2022\/01\/XKJR2891-1024x576.jpg\" alt=\"\" class=\"wp-image-166\" srcset=\"https:\/\/www.adolffrei.ch\/wp-content\/uploads\/2022\/01\/XKJR2891-1024x576.jpg 1024w, https:\/\/www.adolffrei.ch\/wp-content\/uploads\/2022\/01\/XKJR2891-300x169.jpg 300w, https:\/\/www.adolffrei.ch\/wp-content\/uploads\/2022\/01\/XKJR2891-768x432.jpg 768w, https:\/\/www.adolffrei.ch\/wp-content\/uploads\/2022\/01\/XKJR2891-1536x865.jpg 1536w, https:\/\/www.adolffrei.ch\/wp-content\/uploads\/2022\/01\/XKJR2891-2048x1153.jpg 2048w\" sizes=\"auto, (max-width: 1024px) 100vw, 1024px\" \/><\/figure>\n<\/figure>\n","protected":false},"excerpt":{"rendered":"<p>Als ehrenamtlicher Drohnenpilot bei Rehkitzrettung Schweiz bin ich zusammen mit meiner Frau jeden Fr\u00fchling unterwegs. Wir helfen dabei den Landwirten und J\u00e4gern w\u00e4hren der M\u00e4hsaison m\u00f6gliche Rehkitze mithilfe einer Drohne und W\u00e4rmebildkamera aufzusp\u00fcren und vor dem M\u00e4htot zu retten. Weitere<\/p>\n","protected":false},"author":1,"featured_media":0,"parent":51,"menu_order":0,"comment_status":"open","ping_status":"closed","template":"","meta":{"footnotes":""},"class_list":["post-135","page","type-page","status-publish","hentry"],"_links":{"self":[{"href":"https:\/\/www.adolffrei.ch\/index.php?rest_route=\/wp\/v2\/pages\/135","targetHints":{"allow":["GET"]}}],"collection":[{"href":"https:\/\/www.adolffrei.ch\/index.php?rest_route=\/wp\/v2\/pages"}],"about":[{"href":"https:\/\/www.adolffrei.ch\/index.php?rest_route=\/wp\/v2\/types\/page"}],"author":[{"embeddable":true,"href":"https:\/\/www.adolffrei.ch\/index.php?rest_route=\/wp\/v2\/users\/1"}],"replies":[{"embeddable":true,"href":"https:\/\/www.adolffrei.ch\/index.php?rest_route=%2Fwp%2Fv2%2Fcomments&post=135"}],"version-history":[{"count":4,"href":"https:\/\/www.adolffrei.ch\/index.php?rest_route=\/wp\/v2\/pages\/135\/revisions"}],"predecessor-version":[{"id":197,"href":"https:\/\/www.adolffrei.ch\/index.php?rest_route=\/wp\/v2\/pages\/135\/revisions\/197"}],"up":[{"embeddable":true,"href":"https:\/\/www.adolffrei.ch\/index.php?rest_route=\/wp\/v2\/pages\/51"}],"wp:attachment":[{"href":"https:\/\/www.adolffrei.ch\/index.php?rest_route=%2Fwp%2Fv2%2Fmedia&parent=135"}],"curies":[{"name":"wp","href":"https:\/\/api.w.org\/{rel}","templated":true}]}}