{"id":17,"date":"2021-11-21T19:10:01","date_gmt":"2021-11-21T19:10:01","guid":{"rendered":"https:\/\/www.adolffrei.ch\/?page_id=17"},"modified":"2026-01-11T10:25:38","modified_gmt":"2026-01-11T10:25:38","slug":"adolf-frei","status":"publish","type":"page","link":"https:\/\/www.adolffrei.ch\/?page_id=17","title":{"rendered":"Person"},"content":{"rendered":"\n<p class=\"has-black-color has-text-color\">Gesch\u00e4tzte W\u00e4hlerinnen<br>Gesch\u00e4tzte W\u00e4hler<br><br>Es freut mich sehr, mich f\u00fcr die Wahlen 2026 als SVP Kandidat f\u00fcr den Gemeinderat Regensdorf vorstellen zu d\u00fcrfen.<br><a href=\"http:\/\/www.svp-regensdorf.ch\" data-type=\"URL\" data-id=\"www.svp-regensdorf.ch\">www.svp-regensdorf.ch<\/a><\/p>\n\n\n\n<p class=\"has-black-color has-text-color\">In Watt geboren, aufgewachsen und mein bisheriges Leben verbracht, habe ich eine sehr starke Bindung an unsere Gemeinde. Es ist mir eine Herzensangelegenheit, dass sich Regensdorf mit den Ortsteilen Adlikon und Watt zu einem Wohnort entwickelt an welchem es sich zu leben lohnt. Die derzeitig geplanten Grossbauten rund um den Bahnhof Nord l\u00f6sen in mir durchaus etwas an Skepsis aus, ob wir derzeitig als Gemeinde auf dem richtigen Weg dazu sind.<\/p>\n\n\n\n<p class=\"has-black-color has-text-color\">Als ehemaliger Pr\u00e4sident des Turnverein Watt ist mir die Vereinsvielfalt welche wir in Regensdorf, Watt und Adlikon vereinen ein zentraler Schl\u00fcssel f\u00fcr die Zuk\u00fcnftige Entwicklung unserer Gemeinde. Jeder Verein lernt seine Mitglieder auf Ehrenamtlicher Basis zum wohle der Gemeinschaft seinen Teil dazu beizutragen. Vereine bilden den R\u00fcckrat der Gesellschaft und erm\u00f6glichen auch Neuzuz\u00fcgern sich mit der Gemeinde und deren Gepflogenheiten zu identifizieren. Es sollte aus meiner Sicht nicht das oberste Ziel der Gemeinde sein s\u00e4mtlich Vereine in finanzieller Natur zu unterst\u00fctzen sondern viel mehr die Grundlage zu schaffen, dass sich diese stetig weiterentwickeln und daf\u00fcr auf gute Infrastruktur z\u00e4hlen k\u00f6nnen.<\/p>\n\n\n\n<hr class=\"wp-block-separator has-text-color has-black-color has-css-opacity has-black-background-color has-background is-style-wide\"\/>\n\n\n\n<h2 class=\"wp-block-heading has-black-color has-text-color has-medium-font-size\" id=\"politische-standpunkte\"> Politische Standpunkte<\/h2>\n\n\n\n<ul class=\"wp-block-list has-black-color has-text-color\">\n<li>Ver\u00e4ndern wo n\u00f6tig, bewahren wo sinnvoll<\/li>\n\n\n\n<li>Mehr Privatwirtschaft, weniger Staat<\/li>\n\n\n\n<li>Nachhaltige Steuergelder Politik<\/li>\n\n\n\n<li>F\u00f6rdern und bewahren der Verein -und Dorfkultur<\/li>\n\n\n\n<li>Verantwortungsvolles Wachstum der Gemeinde<\/li>\n\n\n\n<li>Vernetzung der Furttaler Gemeinden f\u00f6rdern<\/li>\n<\/ul>\n\n\n\n<hr class=\"wp-block-separator has-text-color has-black-color has-css-opacity has-black-background-color has-background is-style-wide\"\/>\n\n\n\n<h2 class=\"wp-block-heading has-black-color has-text-color has-medium-font-size\" id=\"politische-motivation\"> Politische Motivation<\/h2>\n\n\n\n<ul class=\"wp-block-list has-black-color has-text-color\">\n<li>Vertretung der n\u00e4chsten Generation<\/li>\n\n\n\n<li>Mitgestaltung der Grossprojekte unserer Gemeinde<\/li>\n\n\n\n<li>Bewahren von Kultur und Traditionen<\/li>\n\n\n\n<li>Digitalisierung der Gemeinde vorantreiben<\/li>\n\n\n\n<li>St\u00e4rken von Regensdorf, Adlikon und Watt nutzen<\/li>\n<\/ul>\n\n\n\n<hr class=\"wp-block-separator has-text-color has-black-color has-css-opacity has-black-background-color has-background is-style-wide\"\/>\n\n\n\n<h2 class=\"wp-block-heading has-black-color has-text-color has-medium-font-size\" id=\"schulische-ausbildung-berufliche-tatigkeiten\">Schulische Ausbildung \/ Berufliche T\u00e4tigkeiten<\/h2>\n\n\n\n<ul class=\"wp-block-list has-black-color has-text-color\">\n<li>Primarschule im Schulhaus P\u00e4chterried<\/li>\n\n\n\n<li>Sekundarschule im Schulhaus Ruggenacher<\/li>\n\n\n\n<li>Berufslehre als Elektroniker mit Berufsmaturit\u00e4t<\/li>\n\n\n\n<li>Bachelor Studium Elektrotechnik <\/li>\n\n\n\n<li>Master Studium Schwerpunkt Innovationsmanagement<\/li>\n<\/ul>\n\n\n\n<hr class=\"wp-block-separator has-text-color has-black-color has-css-opacity has-black-background-color has-background is-style-wide\"\/>\n\n\n\n<h2 class=\"wp-block-heading has-black-color has-text-color has-medium-font-size\" id=\"berufliche-tatigkeiten\"> Berufliche T\u00e4tigkeiten <\/h2>\n\n\n\n<ul class=\"wp-block-list has-black-color has-text-color\">\n<li>R&amp;D Abteilungsleiter Softwareentwicklung<\/li>\n<\/ul>\n\n\n\n<hr class=\"wp-block-separator has-text-color has-black-color has-css-opacity has-black-background-color has-background is-style-wide\"\/>\n\n\n\n<h2 class=\"wp-block-heading has-black-color has-text-color has-medium-font-size\" id=\"engagement-in-der-gemeinde\">Engagement in der Gemeinde<\/h2>\n\n\n\n<ul class=\"wp-block-list has-black-color has-text-color\">\n<li>8 Jahre Pr\u00e4sident Turnverein Watt<\/li>\n\n\n\n<li>20 Jahre Vorstandsmitglied Turnverein Watt<\/li>\n\n\n\n<li>OK Pr\u00e4sident Chr\u00e4nzli 2022 Turnverein Watt<\/li>\n\n\n\n<li>Jugendriegenleiter Turnverein Watt<\/li>\n\n\n\n<li>OK Watterf\u00e4scht 2019\/2023<\/li>\n\n\n\n<li>OK Pr\u00e4sident Watterf\u00e4scht 2027<\/li>\n\n\n\n<li>Vorstandmitglied SVP Regensdorf<\/li>\n\n\n\n<li>Drohnenpilot f\u00fcr Rehkitzrettung Schweiz<\/li>\n\n\n\n<li>OK Pr\u00e4sident 1. August 2022\/2024<\/li>\n<\/ul>\n\n\n\n<hr class=\"wp-block-separator has-text-color has-black-color has-css-opacity has-black-background-color has-background is-style-wide\"\/>\n\n\n\n<p><\/p>\n","protected":false},"excerpt":{"rendered":"<p>Gesch\u00e4tzte W\u00e4hlerinnenGesch\u00e4tzte W\u00e4hler Es freut mich sehr, mich f\u00fcr die Wahlen 2026 als SVP Kandidat f\u00fcr den Gemeinderat Regensdorf vorstellen zu d\u00fcrfen.www.svp-regensdorf.ch In Watt geboren, aufgewachsen und mein bisheriges Leben verbracht, habe ich eine sehr starke Bindung an unsere Gemeinde.<\/p>\n","protected":false},"author":1,"featured_media":0,"parent":0,"menu_order":0,"comment_status":"closed","ping_status":"closed","template":"","meta":{"footnotes":""},"class_list":["post-17","page","type-page","status-publish","hentry"],"_links":{"self":[{"href":"https:\/\/www.adolffrei.ch\/index.php?rest_route=\/wp\/v2\/pages\/17","targetHints":{"allow":["GET"]}}],"collection":[{"href":"https:\/\/www.adolffrei.ch\/index.php?rest_route=\/wp\/v2\/pages"}],"about":[{"href":"https:\/\/www.adolffrei.ch\/index.php?rest_route=\/wp\/v2\/types\/page"}],"author":[{"embeddable":true,"href":"https:\/\/www.adolffrei.ch\/index.php?rest_route=\/wp\/v2\/users\/1"}],"replies":[{"embeddable":true,"href":"https:\/\/www.adolffrei.ch\/index.php?rest_route=%2Fwp%2Fv2%2Fcomments&post=17"}],"version-history":[{"count":20,"href":"https:\/\/www.adolffrei.ch\/index.php?rest_route=\/wp\/v2\/pages\/17\/revisions"}],"predecessor-version":[{"id":255,"href":"https:\/\/www.adolffrei.ch\/index.php?rest_route=\/wp\/v2\/pages\/17\/revisions\/255"}],"wp:attachment":[{"href":"https:\/\/www.adolffrei.ch\/index.php?rest_route=%2Fwp%2Fv2%2Fmedia&parent=17"}],"curies":[{"name":"wp","href":"https:\/\/api.w.org\/{rel}","templated":true}]}}