{"id":51,"date":"2021-11-24T21:43:42","date_gmt":"2021-11-24T21:43:42","guid":{"rendered":"https:\/\/www.adolffrei.ch\/?page_id=51"},"modified":"2022-02-02T21:27:11","modified_gmt":"2022-02-02T21:27:11","slug":"hobbies","status":"publish","type":"page","link":"https:\/\/www.adolffrei.ch\/?page_id=51","title":{"rendered":"Hobbies"},"content":{"rendered":"\n<p>Es freut mich sehr, dass sie sich \u00fcber meine Hobbies interessieren. <\/p>\n\n\n\n<p>All diese Aktivit\u00e4ten geben mir die M\u00f6glichkeit f\u00fcr den t\u00e4glichen Arbeitsalltag einen Ausgleich zu finden.<\/p>\n\n\n\n<ul class=\"wp-block-list\"><li><a href=\"https:\/\/www.adolffrei.ch\/?page_id=130\" data-type=\"URL\" data-id=\"https:\/\/www.adolffrei.ch\/?page_id=130\">Fliegen<\/a><\/li><li><a href=\"https:\/\/www.adolffrei.ch\/?page_id=128\" data-type=\"URL\" data-id=\"https:\/\/www.adolffrei.ch\/?page_id=128\">Triathlon<\/a><\/li><li><a href=\"https:\/\/www.adolffrei.ch\/?page_id=135\" data-type=\"URL\" data-id=\"https:\/\/www.adolffrei.ch\/?page_id=135\">Rehkitzrettung<\/a><\/li><li><a href=\"https:\/\/www.adolffrei.ch\/?page_id=137\" data-type=\"URL\" data-id=\"https:\/\/www.adolffrei.ch\/?page_id=137\">Turnverein Watt<\/a><\/li><\/ul>\n\n\n\n<div class=\"wp-block-group\"><div class=\"wp-block-group__inner-container is-layout-flow wp-block-group-is-layout-flow\">\n<div class=\"wp-block-columns is-layout-flex wp-container-core-columns-is-layout-9d6595d7 wp-block-columns-is-layout-flex\">\n<div class=\"wp-block-column is-layout-flow wp-block-column-is-layout-flow\" style=\"flex-basis:100%\"><\/div>\n<\/div>\n<\/div><\/div>\n\n\n\n<p><\/p>\n","protected":false},"excerpt":{"rendered":"<p>Es freut mich sehr, dass sie sich \u00fcber meine Hobbies interessieren. All diese Aktivit\u00e4ten geben mir die M\u00f6glichkeit f\u00fcr den t\u00e4glichen Arbeitsalltag einen Ausgleich zu finden. Fliegen Triathlon Rehkitzrettung Turnverein Watt<\/p>\n","protected":false},"author":1,"featured_media":0,"parent":0,"menu_order":0,"comment_status":"closed","ping_status":"closed","template":"","meta":{"footnotes":""},"class_list":["post-51","page","type-page","status-publish","hentry"],"_links":{"self":[{"href":"https:\/\/www.adolffrei.ch\/index.php?rest_route=\/wp\/v2\/pages\/51","targetHints":{"allow":["GET"]}}],"collection":[{"href":"https:\/\/www.adolffrei.ch\/index.php?rest_route=\/wp\/v2\/pages"}],"about":[{"href":"https:\/\/www.adolffrei.ch\/index.php?rest_route=\/wp\/v2\/types\/page"}],"author":[{"embeddable":true,"href":"https:\/\/www.adolffrei.ch\/index.php?rest_route=\/wp\/v2\/users\/1"}],"replies":[{"embeddable":true,"href":"https:\/\/www.adolffrei.ch\/index.php?rest_route=%2Fwp%2Fv2%2Fcomments&post=51"}],"version-history":[{"count":4,"href":"https:\/\/www.adolffrei.ch\/index.php?rest_route=\/wp\/v2\/pages\/51\/revisions"}],"predecessor-version":[{"id":200,"href":"https:\/\/www.adolffrei.ch\/index.php?rest_route=\/wp\/v2\/pages\/51\/revisions\/200"}],"wp:attachment":[{"href":"https:\/\/www.adolffrei.ch\/index.php?rest_route=%2Fwp%2Fv2%2Fmedia&parent=51"}],"curies":[{"name":"wp","href":"https:\/\/api.w.org\/{rel}","templated":true}]}}